{"id":3085,"date":"2022-11-03T09:51:08","date_gmt":"2022-11-03T08:51:08","guid":{"rendered":"https:\/\/sslmusicki.edu.rs\/?page_id=3085"},"modified":"2024-09-26T22:55:42","modified_gmt":"2024-09-26T20:55:42","slug":"%d1%88%d0%ba%d0%be%d0%bb%d1%81%d0%ba%d0%b8-%d0%ba%d0%b0%d0%bb%d0%b5%d0%bd%d0%b4%d0%b0%d1%80","status":"publish","type":"page","link":"https:\/\/sslmusicki.edu.rs\/hu\/%d1%88%d0%ba%d0%be%d0%bb%d1%81%d0%ba%d0%b8-%d0%ba%d0%b0%d0%bb%d0%b5%d0%bd%d0%b4%d0%b0%d1%80\/","title":{"rendered":"Tan\u00e9v rendje"},"content":{"rendered":"<div data-elementor-type=\"wp-page\" data-elementor-id=\"3085\" class=\"elementor elementor-3085\">\n\t\t\t\t\t\t<section class=\"elementor-section elementor-top-section elementor-element elementor-element-0d97a67 elementor-section-boxed elementor-section-height-default elementor-section-height-default\" data-id=\"0d97a67\" data-element_type=\"section\" data-e-type=\"section\">\n\t\t\t\t\t\t<div class=\"elementor-container elementor-column-gap-default\">\n\t\t\t\t\t<div class=\"elementor-column elementor-col-100 elementor-top-column elementor-element elementor-element-1b1d111\" data-id=\"1b1d111\" data-element_type=\"column\" data-e-type=\"column\">\n\t\t\t<div class=\"elementor-widget-wrap elementor-element-populated\">\n\t\t\t\t\t\t<div class=\"elementor-element elementor-element-a33eec1 elementor-widget elementor-widget-heading\" data-id=\"a33eec1\" data-element_type=\"widget\" data-e-type=\"widget\" data-widget_type=\"heading.default\">\n\t\t\t\t<div class=\"elementor-widget-container\">\n\t\t\t\t\t<h2 class=\"elementor-heading-title elementor-size-default\">K\u00f6z\u00e9piskol\u00e1k munkarendje Vajdas\u00e1g A.T. ter\u00fclet\u00e9n<\/h2>\t\t\t\t<\/div>\n\t\t\t\t<\/div>\n\t\t\t\t<section class=\"elementor-section elementor-inner-section elementor-element elementor-element-31df633 elementor-section-boxed elementor-section-height-default elementor-section-height-default\" data-id=\"31df633\" data-element_type=\"section\" data-e-type=\"section\">\n\t\t\t\t\t\t<div class=\"elementor-container elementor-column-gap-default\">\n\t\t\t\t\t<div class=\"elementor-column elementor-col-50 elementor-inner-column elementor-element elementor-element-54fa47b\" data-id=\"54fa47b\" data-element_type=\"column\" data-e-type=\"column\">\n\t\t\t<div class=\"elementor-widget-wrap elementor-element-populated\">\n\t\t\t\t\t\t<div class=\"elementor-element elementor-element-feef240 elementor-widget elementor-widget-text-editor\" data-id=\"feef240\" data-element_type=\"widget\" data-e-type=\"widget\" data-widget_type=\"text-editor.default\">\n\t\t\t\t<div class=\"elementor-widget-container\">\n\t\t\t\t\t\t\t\t\t<p>A gombra kattintva megtekinthet\u0151 a \u201eTan\u00e9v rendje\u201d dokumentum.<\/p>\t\t\t\t\t\t\t\t<\/div>\n\t\t\t\t<\/div>\n\t\t\t\t<div class=\"elementor-element elementor-element-bf75bea elementor-button-info elementor-align-center elementor-widget elementor-widget-button\" data-id=\"bf75bea\" data-element_type=\"widget\" data-e-type=\"widget\" data-widget_type=\"button.default\">\n\t\t\t\t<div class=\"elementor-widget-container\">\n\t\t\t\t\t\t\t\t\t<div class=\"elementor-button-wrapper\">\n\t\t\t\t\t<a class=\"elementor-button elementor-button-link elementor-size-lg\" href=\"https:\/\/sslmusicki.edu.rs\/wp-content\/uploads\/2023\/10\/Srednje_2023_2024_2.doc\" target=\"_blank\">\n\t\t\t\t\t\t<span class=\"elementor-button-content-wrapper\">\n\t\t\t\t\t\t<span class=\"elementor-button-icon\">\n\t\t\t\t<i aria-hidden=\"true\" class=\"far fa-file-pdf\"><\/i>\t\t\t<\/span>\n\t\t\t\t\t\t\t\t\t<span class=\"elementor-button-text\">\u041f\u0440\u0430\u0432\u0438\u043b\u043d\u0438\u043a<\/span>\n\t\t\t\t\t<\/span>\n\t\t\t\t\t<\/a>\n\t\t\t\t<\/div>\n\t\t\t\t\t\t\t\t<\/div>\n\t\t\t\t<\/div>\n\t\t\t\t\t<\/div>\n\t\t<\/div>\n\t\t\t\t<div class=\"elementor-column elementor-col-50 elementor-inner-column elementor-element elementor-element-85ef1bd\" data-id=\"85ef1bd\" data-element_type=\"column\" data-e-type=\"column\">\n\t\t\t<div class=\"elementor-widget-wrap elementor-element-populated\">\n\t\t\t\t\t\t<div class=\"elementor-element elementor-element-34a56d2 elementor-widget elementor-widget-text-editor\" data-id=\"34a56d2\" data-element_type=\"widget\" data-e-type=\"widget\" data-widget_type=\"text-editor.default\">\n\t\t\t\t<div class=\"elementor-widget-container\">\n\t\t\t\t\t\t\t\t\t<p>A gombra kattintva megtekinthet\u0151 a \u201eTan\u00e9v rendje\u201d dokumentum.<\/p>\t\t\t\t\t\t\t\t<\/div>\n\t\t\t\t<\/div>\n\t\t\t\t<div class=\"elementor-element elementor-element-6f49294 elementor-button-info elementor-align-center elementor-widget elementor-widget-button\" data-id=\"6f49294\" data-element_type=\"widget\" data-e-type=\"widget\" data-widget_type=\"button.default\">\n\t\t\t\t<div class=\"elementor-widget-container\">\n\t\t\t\t\t\t\t\t\t<div class=\"elementor-button-wrapper\">\n\t\t\t\t\t<a class=\"elementor-button elementor-button-link elementor-size-lg\" href=\"https:\/\/sslmusicki.edu.rs\/wp-content\/uploads\/2023\/10\/Tabela_srednja-2023-2024.docx\" target=\"_blank\">\n\t\t\t\t\t\t<span class=\"elementor-button-content-wrapper\">\n\t\t\t\t\t\t<span class=\"elementor-button-icon\">\n\t\t\t\t<i aria-hidden=\"true\" class=\"far fa-file-pdf\"><\/i>\t\t\t<\/span>\n\t\t\t\t\t\t\t\t\t<span class=\"elementor-button-text\">\u041a\u0430\u043b\u0435\u043d\u0434\u0430\u0440<\/span>\n\t\t\t\t\t<\/span>\n\t\t\t\t\t<\/a>\n\t\t\t\t<\/div>\n\t\t\t\t\t\t\t\t<\/div>\n\t\t\t\t<\/div>\n\t\t\t\t\t<\/div>\n\t\t<\/div>\n\t\t\t\t\t<\/div>\n\t\t<\/section>\n\t\t\t\t\t<\/div>\n\t\t<\/div>\n\t\t\t\t\t<\/div>\n\t\t<\/section>\n\t\t\t\t<\/div>","protected":false},"excerpt":{"rendered":"<p>\u041a\u0430\u043b\u0435\u043d\u0434\u0430\u0440 \u0440\u0430\u0434\u0430 \u0441\u0440\u0435\u0434\u045a\u0438\u0445 \u0448\u043a\u043e\u043b\u0430 \u043d\u0430 \u0442\u0435\u0440\u0438\u0442\u043e\u0440\u0438\u0458\u0438 \u0410\u041f. \u0412\u043e\u0458\u0432\u043e\u0434\u0438\u043d\u0430 \u041a\u043b\u0438\u043a\u043e\u043c \u043d\u0430 \u0434\u0443\u0433\u043c\u0435 \u0438\u0441\u043f\u043e\u0434 \u043c\u043e\u0436\u0435\u0442\u0435 \u043e\u0442\u0432\u043e\u0440\u0438\u0442\u0438 \u0434\u043e\u043a\u0443\u043c\u0435\u043d\u0442 &#8222;\u041a\u0430\u043b\u0435\u043d\u0434\u0430\u0440 \u0440\u0430\u0434\u0430&#8220; \u041f\u0440\u0430\u0432\u0438\u043b\u043d\u0438\u043a \u041a\u043b\u0438\u043a\u043e\u043c \u043d\u0430 \u0434\u0443\u0433\u043c\u0435 \u0438\u0441\u043f\u043e\u0434 \u043c\u043e\u0436\u0435\u0442\u0435 \u043e\u0442\u0432\u043e\u0440\u0438\u0442\u0438 \u0434\u043e\u043a\u0443\u043c\u0435\u043d\u0442&hellip;<\/p>","protected":false},"author":2,"featured_media":0,"parent":0,"menu_order":0,"comment_status":"closed","ping_status":"closed","template":"elementor_theme","meta":{"footnotes":""},"class_list":["post-3085","page","type-page","status-publish","hentry"],"aioseo_notices":[],"_links":{"self":[{"href":"https:\/\/sslmusicki.edu.rs\/hu\/wp-json\/wp\/v2\/pages\/3085","targetHints":{"allow":["GET"]}}],"collection":[{"href":"https:\/\/sslmusicki.edu.rs\/hu\/wp-json\/wp\/v2\/pages"}],"about":[{"href":"https:\/\/sslmusicki.edu.rs\/hu\/wp-json\/wp\/v2\/types\/page"}],"author":[{"embeddable":true,"href":"https:\/\/sslmusicki.edu.rs\/hu\/wp-json\/wp\/v2\/users\/2"}],"replies":[{"embeddable":true,"href":"https:\/\/sslmusicki.edu.rs\/hu\/wp-json\/wp\/v2\/comments?post=3085"}],"version-history":[{"count":17,"href":"https:\/\/sslmusicki.edu.rs\/hu\/wp-json\/wp\/v2\/pages\/3085\/revisions"}],"predecessor-version":[{"id":5493,"href":"https:\/\/sslmusicki.edu.rs\/hu\/wp-json\/wp\/v2\/pages\/3085\/revisions\/5493"}],"wp:attachment":[{"href":"https:\/\/sslmusicki.edu.rs\/hu\/wp-json\/wp\/v2\/media?parent=3085"}],"curies":[{"name":"wp","href":"https:\/\/api.w.org\/{rel}","templated":true}]}}