{"id":3054,"date":"2022-11-03T09:40:41","date_gmt":"2022-11-03T08:40:41","guid":{"rendered":"https:\/\/sslmusicki.edu.rs\/?page_id=3054"},"modified":"2025-11-03T17:46:55","modified_gmt":"2025-11-03T16:46:55","slug":"%d1%80%d0%b0%d1%81%d0%bf%d0%be%d1%80%d0%b5%d0%b4-%d1%87%d0%b0%d1%81%d0%be%d0%b2%d0%b0","status":"publish","type":"page","link":"https:\/\/sslmusicki.edu.rs\/hu\/%d1%80%d0%b0%d1%81%d0%bf%d0%be%d1%80%d0%b5%d0%b4-%d1%87%d0%b0%d1%81%d0%be%d0%b2%d0%b0\/","title":{"rendered":"\u00d3rarend"},"content":{"rendered":"<div data-elementor-type=\"wp-page\" data-elementor-id=\"3054\" class=\"elementor elementor-3054\">\n\t\t\t\t\t\t<section class=\"elementor-section elementor-top-section elementor-element elementor-element-d3fcd54 elementor-section-boxed elementor-section-height-default elementor-section-height-default\" data-id=\"d3fcd54\" data-element_type=\"section\" data-e-type=\"section\">\n\t\t\t\t\t\t<div class=\"elementor-container elementor-column-gap-default\">\n\t\t\t\t\t<div class=\"elementor-column elementor-col-100 elementor-top-column elementor-element elementor-element-953a9c8\" data-id=\"953a9c8\" data-element_type=\"column\" data-e-type=\"column\">\n\t\t\t<div class=\"elementor-widget-wrap elementor-element-populated\">\n\t\t\t\t\t\t<div class=\"elementor-element elementor-element-d6744d7 elementor-widget elementor-widget-heading\" data-id=\"d6744d7\" data-element_type=\"widget\" data-e-type=\"widget\" data-widget_type=\"heading.default\">\n\t\t\t\t<div class=\"elementor-widget-container\">\n\t\t\t\t\t<h2 class=\"elementor-heading-title elementor-size-default\">\u0420\u0430\u0441\u043f\u043e\u0440\u0435\u0434 \u0447\u0430\u0441\u043e\u0432\u0430 \u0437\u0430 2025.\/2026. \u0448\u043a\u043e\u043b\u0441\u043a\u0443 \u0433\u043e\u0434\u0438\u043d\u0443<\/h2>\t\t\t\t<\/div>\n\t\t\t\t<\/div>\n\t\t\t\t<div class=\"elementor-element elementor-element-a8bb413 elementor-widget elementor-widget-text-editor\" data-id=\"a8bb413\" data-element_type=\"widget\" data-e-type=\"widget\" data-widget_type=\"text-editor.default\">\n\t\t\t\t<div class=\"elementor-widget-container\">\n\t\t\t\t\t\t\t\t\t<p>A gombra kattintva megtekinthet\u0151 iskol\u00e1nk \u00f6sszes tagozat\u00e1nak \u00f3rarendje.\u00a0<\/p>\t\t\t\t\t\t\t\t<\/div>\n\t\t\t\t<\/div>\n\t\t\t\t\t<\/div>\n\t\t<\/div>\n\t\t\t\t\t<\/div>\n\t\t<\/section>\n\t\t\t\t<section class=\"elementor-section elementor-top-section elementor-element elementor-element-ad99aa6 elementor-section-boxed elementor-section-height-default elementor-section-height-default\" data-id=\"ad99aa6\" data-element_type=\"section\" data-e-type=\"section\">\n\t\t\t\t\t\t<div class=\"elementor-container elementor-column-gap-default\">\n\t\t\t\t\t<div class=\"elementor-column elementor-col-100 elementor-top-column elementor-element elementor-element-7320985\" data-id=\"7320985\" data-element_type=\"column\" data-e-type=\"column\">\n\t\t\t<div class=\"elementor-widget-wrap elementor-element-populated\">\n\t\t\t\t\t\t<div class=\"elementor-element elementor-element-732051a elementor-button-info elementor-align-center elementor-widget elementor-widget-button\" data-id=\"732051a\" data-element_type=\"widget\" data-e-type=\"widget\" data-widget_type=\"button.default\">\n\t\t\t\t<div class=\"elementor-widget-container\">\n\t\t\t\t\t\t\t\t\t<div class=\"elementor-button-wrapper\">\n\t\t\t\t\t<a class=\"elementor-button elementor-button-link elementor-size-lg\" href=\"https:\/\/sslmusicki.edu.rs\/wp-content\/uploads\/2025\/11\/Raspored-odeljenja-2025_2026.pdf\" target=\"_blank\">\n\t\t\t\t\t\t<span class=\"elementor-button-content-wrapper\">\n\t\t\t\t\t\t<span class=\"elementor-button-icon\">\n\t\t\t\t<i aria-hidden=\"true\" class=\"far fa-file-pdf\"><\/i>\t\t\t<\/span>\n\t\t\t\t\t\t\t\t\t<span class=\"elementor-button-text\">\u041e\u0414\u0415\u0409\u0410\u040a\u0410<\/span>\n\t\t\t\t\t<\/span>\n\t\t\t\t\t<\/a>\n\t\t\t\t<\/div>\n\t\t\t\t\t\t\t\t<\/div>\n\t\t\t\t<\/div>\n\t\t\t\t<div class=\"elementor-element elementor-element-3122a3f elementor-widget-divider--view-line elementor-widget elementor-widget-divider\" data-id=\"3122a3f\" data-element_type=\"widget\" data-e-type=\"widget\" data-widget_type=\"divider.default\">\n\t\t\t\t<div class=\"elementor-widget-container\">\n\t\t\t\t\t\t\t<div class=\"elementor-divider\">\n\t\t\t<span class=\"elementor-divider-separator\">\n\t\t\t\t\t\t<\/span>\n\t\t<\/div>\n\t\t\t\t\t\t<\/div>\n\t\t\t\t<\/div>\n\t\t\t\t\t<\/div>\n\t\t<\/div>\n\t\t\t\t\t<\/div>\n\t\t<\/section>\n\t\t\t\t<\/div>","protected":false},"excerpt":{"rendered":"<p>\u0420\u0430\u0441\u043f\u043e\u0440\u0435\u0434 \u0447\u0430\u0441\u043e\u0432\u0430 \u0437\u0430 2025.\/2026. \u0448\u043a\u043e\u043b\u0441\u043a\u0443 \u0433\u043e\u0434\u0438\u043d\u0443 \u041a\u043b\u0438\u043a\u043e\u043c \u043d\u0430 \u0434\u0443\u0433\u043c\u0435 \u0438\u0441\u043f\u043e\u0434 \u043c\u043e\u0436\u0435\u0442\u0435 \u043f\u043e\u0433\u043b\u0435\u0434\u0430\u0442\u0438 \u0440\u0430\u0441\u043f\u043e\u0440\u0435\u0434 \u0447\u0430\u0441\u043e\u0432\u0430 \u0437\u0430 \u0441\u0432\u0430\u043a\u043e \u043e\u0434\u0435\u0459\u0435\u045a\u0435 \u041d\u0430\u0448\u0435 \u0448\u043a\u043e\u043b\u0435.\u00a0 \u041e\u0414\u0415\u0409\u0410\u040a\u0410<\/p>","protected":false},"author":2,"featured_media":0,"parent":0,"menu_order":0,"comment_status":"closed","ping_status":"closed","template":"elementor_theme","meta":{"footnotes":""},"class_list":["post-3054","page","type-page","status-publish","hentry"],"aioseo_notices":[],"_links":{"self":[{"href":"https:\/\/sslmusicki.edu.rs\/hu\/wp-json\/wp\/v2\/pages\/3054","targetHints":{"allow":["GET"]}}],"collection":[{"href":"https:\/\/sslmusicki.edu.rs\/hu\/wp-json\/wp\/v2\/pages"}],"about":[{"href":"https:\/\/sslmusicki.edu.rs\/hu\/wp-json\/wp\/v2\/types\/page"}],"author":[{"embeddable":true,"href":"https:\/\/sslmusicki.edu.rs\/hu\/wp-json\/wp\/v2\/users\/2"}],"replies":[{"embeddable":true,"href":"https:\/\/sslmusicki.edu.rs\/hu\/wp-json\/wp\/v2\/comments?post=3054"}],"version-history":[{"count":20,"href":"https:\/\/sslmusicki.edu.rs\/hu\/wp-json\/wp\/v2\/pages\/3054\/revisions"}],"predecessor-version":[{"id":7143,"href":"https:\/\/sslmusicki.edu.rs\/hu\/wp-json\/wp\/v2\/pages\/3054\/revisions\/7143"}],"wp:attachment":[{"href":"https:\/\/sslmusicki.edu.rs\/hu\/wp-json\/wp\/v2\/media?parent=3054"}],"curies":[{"name":"wp","href":"https:\/\/api.w.org\/{rel}","templated":true}]}}